{"id":11507,"date":"2019-03-11T13:39:38","date_gmt":"2019-03-11T13:39:38","guid":{"rendered":"https:\/\/142.enticity.work\/erreur\/"},"modified":"2019-03-14T15:31:13","modified_gmt":"2019-03-14T15:31:13","slug":"erreur","status":"publish","type":"page","link":"https:\/\/patientsmedicalhome.ca\/fr\/erreur\/","title":{"rendered":"Erreur"},"content":{"rendered":"<p>[et_pb_section bb_built=\u00a0\u00bb1&Prime; admin_label=\u00a0\u00bbCall to Action\u00a0\u00bb fullwidth=\u00a0\u00bbon\u00a0\u00bb _builder_version=\u00a0\u00bb3.17.6&Prime; animation_style=\u00a0\u00bbslide\u00a0\u00bb animation_direction=\u00a0\u00bbbottom\u00a0\u00bb animation_intensity_slide=\u00a0\u00bb6%\u00a0\u00bb animation_starting_opacity=\u00a0\u00bb100%\u00a0\u00bb locked=\u00a0\u00bboff\u00a0\u00bb next_background_color=\u00a0\u00bb#000000&Prime;][et_pb_fullwidth_header admin_label=\u00a0\u00bbPage not found\u00a0\u00bb title=\u00a0\u00bbPage non trouv\u00e9e\u00a0\u00bb content_max_width=\u00a0\u00bb800px\u00a0\u00bb _builder_version=\u00a0\u00bb3.19.18&Prime; title_font=\u00a0\u00bb|||on|||||\u00a0\u00bb title_font_size=\u00a0\u00bb35px\u00a0\u00bb use_background_color_gradient=\u00a0\u00bbon\u00a0\u00bb background_color_gradient_start=\u00a0\u00bbrgba(0,0,0,0.4)\u00a0\u00bb background_color_gradient_end=\u00a0\u00bbrgba(0,0,0,0)\u00a0\u00bb background_color_gradient_direction=\u00a0\u00bb90deg\u00a0\u00bb background_color_gradient_overlays_image=\u00a0\u00bbon\u00a0\u00bb background_image=\u00a0\u00bbhttps:\/\/patientsmedicalhome.ca\/wp-content\/uploads\/2018\/12\/PMH-contact-girlonphone.jpg\u00a0\u00bb custom_button_two=\u00a0\u00bbon\u00a0\u00bb button_two_text_size=\u00a0\u00bb18px\u00a0\u00bb button_two_text_color=\u00a0\u00bb#353740&Prime; button_two_bg_color=\u00a0\u00bb#ffffff\u00a0\u00bb button_two_border_width=\u00a0\u00bb8px\u00a0\u00bb button_two_border_color=\u00a0\u00bb#ffffff\u00a0\u00bb button_two_border_radius=\u00a0\u00bb0px\u00a0\u00bb button_two_letter_spacing=\u00a0\u00bb1px\u00a0\u00bb button_two_font=\u00a0\u00bbLato|700|||||||\u00a0\u00bb button_two_use_icon=\u00a0\u00bboff\u00a0\u00bb custom_button_one=\u00a0\u00bbon\u00a0\u00bb button_one_text_size=\u00a0\u00bb18px\u00a0\u00bb button_one_bg_color=\u00a0\u00bb#02d002&Prime; button_one_border_width=\u00a0\u00bb8px\u00a0\u00bb button_one_border_color=\u00a0\u00bb#02d002&Prime; button_one_border_radius=\u00a0\u00bb0px\u00a0\u00bb button_one_letter_spacing=\u00a0\u00bb1px\u00a0\u00bb button_one_font=\u00a0\u00bbLato|700|||||||\u00a0\u00bb button_one_use_icon=\u00a0\u00bboff\u00a0\u00bb custom_margin=\u00a0\u00bb|||\u00a0\u00bb custom_padding=\u00a0\u00bb8%||8%|\u00a0\u00bb button_one_letter_spacing_hover=\u00a0\u00bb1px\u00a0\u00bb button_two_letter_spacing_hover=\u00a0\u00bb1px\u00a0\u00bb \/][\/et_pb_section][et_pb_section bb_built=\u00a0\u00bb1&Prime; _builder_version=\u00a0\u00bb3.19.18&Prime; background_image=\u00a0\u00bbhttps:\/\/patientsmedicalhome.ca\/wp-content\/uploads\/2018\/11\/PMH-bg-stethoscope.jpg\u00a0\u00bb background_position=\u00a0\u00bbtop_right\u00a0\u00bb custom_padding=\u00a0\u00bb0px||0px|\u00a0\u00bb prev_background_color=\u00a0\u00bb#ffffff\u00a0\u00bb next_background_color=\u00a0\u00bb#ffffff\u00a0\u00bb parallax=\u00a0\u00bbon\u00a0\u00bb custom_padding_tablet=\u00a0\u00bb20px||0px|\u00a0\u00bb custom_padding_phone=\u00a0\u00bb40px||0px|\u00a0\u00bb custom_padding_last_edited=\u00a0\u00bbon|phone\u00a0\u00bb][et_pb_row custom_padding=\u00a0\u00bb5%||8%|\u00a0\u00bb make_equal=\u00a0\u00bbon\u00a0\u00bb _builder_version=\u00a0\u00bb3.17.6&Prime;][et_pb_column type=\u00a0\u00bb3_5&Prime;][et_pb_text admin_label=\u00a0\u00bb404 Error\u00a0\u00bb _builder_version=\u00a0\u00bb3.19.18&Prime; text_font=\u00a0\u00bb||||\u00a0\u00bb header_2_font=\u00a0\u00bb|||on|||||\u00a0\u00bb max_width_last_edited=\u00a0\u00bbon|desktop\u00a0\u00bb module_alignment=\u00a0\u00bbleft\u00a0\u00bb custom_margin=\u00a0\u00bb|||\u00a0\u00bb animation_direction=\u00a0\u00bbbottom\u00a0\u00bb locked=\u00a0\u00bboff\u00a0\u00bb]<\/p>\n<h2 style=\"text-align: left;\">404 Erreur<\/h2>\n<p>[\/et_pb_text][et_pb_text _builder_version=\u00a0\u00bb3.19.18&Prime; text_font=\u00a0\u00bb||||\u00a0\u00bb header_2_font=\u00a0\u00bb|||on|||||\u00a0\u00bb module_alignment=\u00a0\u00bbleft\u00a0\u00bb animation_direction=\u00a0\u00bbbottom\u00a0\u00bb]<\/p>\n<p>La page que vous cherchez n\u2019existe pas.<\/p>\n<p>[\/et_pb_text][et_pb_button _builder_version=\u00a0\u00bb3.19.18&Prime; button_text=\u00a0\u00bbRetour \u00e0 la page d&rsquo;accueil\u00a0\u00bb button_url=\u00a0\u00bbhttps:\/\/patientsmedicalhome.ca\/fr\/\u00a0\u00bb \/][et_pb_divider _builder_version=\u00a0\u00bb3.19.18&Prime; show_divider=\u00a0\u00bboff\u00a0\u00bb height=\u00a0\u00bb50&Prime; disabled=\u00a0\u00bboff\u00a0\u00bb disabled_on=\u00a0\u00bbon|off|\u00a0\u00bb \/][\/et_pb_column][et_pb_column type=\u00a0\u00bb2_5&Prime;][\/et_pb_column][\/et_pb_row][\/et_pb_section][et_pb_section bb_built=\u00a0\u00bb1&Prime; _builder_version=\u00a0\u00bb3.19.4&Prime; background_image=\u00a0\u00bbhttps:\/\/patientsmedicalhome.ca\/files\/uploads\/PMH-accessibility-cfpc.jpg\u00a0\u00bb background_position=\u00a0\u00bbbottom_left\u00a0\u00bb next_background_color=\u00a0\u00bb#2d445d\u00a0\u00bb custom_padding=\u00a0\u00bb0px||0px|\u00a0\u00bb prev_background_color=\u00a0\u00bb#ffffff\u00a0\u00bb][et_pb_row custom_padding=\u00a0\u00bb5%||5%|\u00a0\u00bb _builder_version=\u00a0\u00bb3.17.6&Prime;][et_pb_column type=\u00a0\u00bb1_5&Prime;][\/et_pb_column][et_pb_column type=\u00a0\u00bb1_5&Prime;][\/et_pb_column][et_pb_column type=\u00a0\u00bb3_5&Prime;][et_pb_cta admin_label=\u00a0\u00bbVision of the CFPC\u00a0\u00bb title=\u00a0\u00bbVision du CMFC\u00a0\u00bb button_url=\u00a0\u00bbwww.cfpc.ca\u00a0\u00bb button_text=\u00a0\u00bbConsulter le site Web du CMFC\u00a0\u00bb _builder_version=\u00a0\u00bb3.19.4&Prime; header_font=\u00a0\u00bb|||on|||||\u00a0\u00bb body_font_size=\u00a0\u00bb15&Prime; background_color=\u00a0\u00bb#ffffff\u00a0\u00bb border_radii=\u00a0\u00bbon|10px|10px|10px|10px\u00a0\u00bb box_shadow_style=\u00a0\u00bbpreset1&Prime; text_orientation=\u00a0\u00bbleft\u00a0\u00bb background_layout=\u00a0\u00bblight\u00a0\u00bb animation_style=\u00a0\u00bbzoom\u00a0\u00bb button_text_size__hover_enabled=\u00a0\u00bboff\u00a0\u00bb button_text_size__hover=\u00a0\u00bbnull\u00a0\u00bb button_one_text_size__hover_enabled=\u00a0\u00bboff\u00a0\u00bb button_one_text_size__hover=\u00a0\u00bbnull\u00a0\u00bb button_two_text_size__hover_enabled=\u00a0\u00bboff\u00a0\u00bb button_two_text_size__hover=\u00a0\u00bbnull\u00a0\u00bb button_text_color__hover_enabled=\u00a0\u00bboff\u00a0\u00bb button_text_color__hover=\u00a0\u00bbnull\u00a0\u00bb button_one_text_color__hover_enabled=\u00a0\u00bboff\u00a0\u00bb button_one_text_color__hover=\u00a0\u00bbnull\u00a0\u00bb button_two_text_color__hover_enabled=\u00a0\u00bboff\u00a0\u00bb button_two_text_color__hover=\u00a0\u00bbnull\u00a0\u00bb button_border_width__hover_enabled=\u00a0\u00bboff\u00a0\u00bb button_border_width__hover=\u00a0\u00bbnull\u00a0\u00bb button_one_border_width__hover_enabled=\u00a0\u00bboff\u00a0\u00bb button_one_border_width__hover=\u00a0\u00bbnull\u00a0\u00bb button_two_border_width__hover_enabled=\u00a0\u00bboff\u00a0\u00bb button_two_border_width__hover=\u00a0\u00bbnull\u00a0\u00bb button_border_color__hover_enabled=\u00a0\u00bboff\u00a0\u00bb button_border_color__hover=\u00a0\u00bbnull\u00a0\u00bb button_one_border_color__hover_enabled=\u00a0\u00bboff\u00a0\u00bb button_one_border_color__hover=\u00a0\u00bbnull\u00a0\u00bb button_two_border_color__hover_enabled=\u00a0\u00bboff\u00a0\u00bb button_two_border_color__hover=\u00a0\u00bbnull\u00a0\u00bb button_border_radius__hover_enabled=\u00a0\u00bboff\u00a0\u00bb button_border_radius__hover=\u00a0\u00bbnull\u00a0\u00bb button_one_border_radius__hover_enabled=\u00a0\u00bboff\u00a0\u00bb button_one_border_radius__hover=\u00a0\u00bbnull\u00a0\u00bb button_two_border_radius__hover_enabled=\u00a0\u00bboff\u00a0\u00bb button_two_border_radius__hover=\u00a0\u00bbnull\u00a0\u00bb button_letter_spacing__hover_enabled=\u00a0\u00bboff\u00a0\u00bb button_letter_spacing__hover=\u00a0\u00bbnull\u00a0\u00bb button_one_letter_spacing__hover_enabled=\u00a0\u00bboff\u00a0\u00bb button_one_letter_spacing__hover=\u00a0\u00bbnull\u00a0\u00bb button_two_letter_spacing__hover_enabled=\u00a0\u00bboff\u00a0\u00bb button_two_letter_spacing__hover=\u00a0\u00bbnull\u00a0\u00bb button_bg_color__hover_enabled=\u00a0\u00bboff\u00a0\u00bb button_bg_color__hover=\u00a0\u00bbnull\u00a0\u00bb button_one_bg_color__hover_enabled=\u00a0\u00bboff\u00a0\u00bb button_one_bg_color__hover=\u00a0\u00bbnull\u00a0\u00bb button_two_bg_color__hover_enabled=\u00a0\u00bboff\u00a0\u00bb button_two_bg_color__hover=\u00a0\u00bbnull\u00a0\u00bb]<\/p>\n<p>Le Coll\u00e8ge des m\u00e9decins de famille du Canada (CMFC) fournit la vision et le leadership pour la promotion du mod\u00e8le du CMF et son d\u00e9veloppement continu. Pour en apprendre davantage, veuillez consulter le www.cfpc.ca\/accueil ou communiquez avec nous \u00e0 healthpolicy@cfpc.ca.<\/p>\n<p>[\/et_pb_cta][\/et_pb_column][\/et_pb_row][\/et_pb_section][et_pb_section bb_built=\u00a0\u00bb1&Prime; admin_label=\u00a0\u00bbFooter\u00a0\u00bb _builder_version=\u00a0\u00bb3.17.6&Prime; background_color=\u00a0\u00bb#2d445d\u00a0\u00bb box_shadow_style=\u00a0\u00bbpreset1&Prime; bottom_divider_color=\u00a0\u00bb#83a8bf\u00a0\u00bb prev_background_color=\u00a0\u00bb#ffffff\u00a0\u00bb][et_pb_row use_custom_width=\u00a0\u00bbon\u00a0\u00bb width_unit=\u00a0\u00bboff\u00a0\u00bb custom_width_percent=\u00a0\u00bb90%\u00a0\u00bb custom_padding_last_edited=\u00a0\u00bbon|tablet\u00a0\u00bb padding_1_last_edited=\u00a0\u00bbon|desktop\u00a0\u00bb padding_2_last_edited=\u00a0\u00bbon|phone\u00a0\u00bb _builder_version=\u00a0\u00bb3.17.6&Prime; module_alignment=\u00a0\u00bbcenter\u00a0\u00bb][et_pb_column type=\u00a0\u00bb1_4&Prime;][et_pb_image src=\u00a0\u00bb\/wp-content\/uploads\/2018\/11\/PMH-CFPC-LOGO-white.png\u00a0\u00bb _builder_version=\u00a0\u00bb3.17.6&Prime; max_width=\u00a0\u00bb85%\u00a0\u00bb module_alignment=\u00a0\u00bbcenter\u00a0\u00bb \/][\/et_pb_column][et_pb_column type=\u00a0\u00bb1_4&Prime;][et_pb_text _builder_version=\u00a0\u00bb3.17.6&Prime; header_2_text_color=\u00a0\u00bb#ffffff\u00a0\u00bb header_3_text_color=\u00a0\u00bb#ffffff\u00a0\u00bb custom_margin=\u00a0\u00bb||20px|\u00a0\u00bb]<\/p>\n<h3>CONNECTER<\/h3>\n<p>[\/et_pb_text][et_pb_social_media_follow _builder_version=\u00a0\u00bb3.17.6&Prime; border_radii=\u00a0\u00bbon|60px|60px|60px|60px\u00a0\u00bb custom_padding=\u00a0\u00bb0px|||\u00a0\u00bb animation_direction=\u00a0\u00bbtop\u00a0\u00bb locked=\u00a0\u00bboff\u00a0\u00bb][et_pb_social_media_follow_network social_network=\u00a0\u00bbfacebook\u00a0\u00bb _builder_version=\u00a0\u00bb3.17.4&Prime; background_color=\u00a0\u00bbrgba(255,255,255,0.17)\u00a0\u00bb custom_margin=\u00a0\u00bb|8px||\u00a0\u00bb custom_padding=\u00a0\u00bb8px|8px|8px|8px|true|true\u00a0\u00bb follow_button=\u00a0\u00bboff\u00a0\u00bb url_new_window=\u00a0\u00bbon\u00a0\u00bb]facebook[\/et_pb_social_media_follow_network][et_pb_social_media_follow_network social_network=\u00a0\u00bbtwitter\u00a0\u00bb _builder_version=\u00a0\u00bb3.17.4&Prime; background_color=\u00a0\u00bbrgba(255,255,255,0.17)\u00a0\u00bb custom_margin=\u00a0\u00bb|8px||\u00a0\u00bb custom_padding=\u00a0\u00bb8px|8px|8px|8px|true|true\u00a0\u00bb follow_button=\u00a0\u00bboff\u00a0\u00bb url_new_window=\u00a0\u00bbon\u00a0\u00bb]twitter[\/et_pb_social_media_follow_network][et_pb_social_media_follow_network social_network=\u00a0\u00bbinstagram\u00a0\u00bb _builder_version=\u00a0\u00bb3.17.4&Prime; background_color=\u00a0\u00bbrgba(255,255,255,0.17)\u00a0\u00bb custom_margin=\u00a0\u00bb|8px||\u00a0\u00bb custom_padding=\u00a0\u00bb8px|8px|8px|8px|true|true\u00a0\u00bb follow_button=\u00a0\u00bboff\u00a0\u00bb url_new_window=\u00a0\u00bbon\u00a0\u00bb]instagram[\/et_pb_social_media_follow_network][\/et_pb_social_media_follow][\/et_pb_column][et_pb_column type=\u00a0\u00bb1_2&Prime;][et_pb_signup admin_label=\u00a0\u00bbGET IN TOUCH\u00a0\u00bb activecampaign_list=\u00a0\u00bb|none\u00a0\u00bb aweber_list=\u00a0\u00bb|none\u00a0\u00bb campaign_monitor_list=\u00a0\u00bb|none\u00a0\u00bb constant_contact_list=\u00a0\u00bb|none\u00a0\u00bb convertkit_list=\u00a0\u00bb|none\u00a0\u00bb emma_list=\u00a0\u00bb|none\u00a0\u00bb feedblitz_list=\u00a0\u00bb|none\u00a0\u00bb getresponse_list=\u00a0\u00bb|none\u00a0\u00bb hubspot_list=\u00a0\u00bb|none\u00a0\u00bb icontact_list=\u00a0\u00bb|none\u00a0\u00bb infusionsoft_list=\u00a0\u00bb|none\u00a0\u00bb madmimi_list=\u00a0\u00bb|none\u00a0\u00bb mailchimp_list=\u00a0\u00bbPMH Mailchimp|cd3fd59dcb\u00a0\u00bb mailerlite_list=\u00a0\u00bb|none\u00a0\u00bb mailpoet_list=\u00a0\u00bb|none\u00a0\u00bb mailster_list=\u00a0\u00bb|none\u00a0\u00bb ontraport_list=\u00a0\u00bb|none\u00a0\u00bb salesforce_list=\u00a0\u00bb|none\u00a0\u00bb sendinblue_list=\u00a0\u00bb|none\u00a0\u00bb layout=\u00a0\u00bbtop_bottom\u00a0\u00bb name_field=\u00a0\u00bbon\u00a0\u00bb name_fullwidth=\u00a0\u00bboff\u00a0\u00bb first_name_fullwidth=\u00a0\u00bboff\u00a0\u00bb last_name_fullwidth=\u00a0\u00bboff\u00a0\u00bb email_fullwidth=\u00a0\u00bboff\u00a0\u00bb title=\u00a0\u00bbABONNEZ-VOUS ET RESTEZ \u00c0 JOUR!\u00a0\u00bb button_text=\u00a0\u00bbS&rsquo;INSCRIRE\u00a0\u00bb form_field_background_color=\u00a0\u00bb#1f3042&Prime; form_field_text_color=\u00a0\u00bb#a4b9c4&Prime; _builder_version=\u00a0\u00bb3.19.18&Prime; header_level=\u00a0\u00bbh3&Prime; header_font=\u00a0\u00bb||||\u00a0\u00bb header_font_size=\u00a0\u00bb20&Prime; header_line_height=\u00a0\u00bb1em\u00a0\u00bb body_font=\u00a0\u00bb||||\u00a0\u00bb use_background_color=\u00a0\u00bboff\u00a0\u00bb custom_button=\u00a0\u00bbon\u00a0\u00bb button_text_color=\u00a0\u00bb#ffffff\u00a0\u00bb button_bg_color=\u00a0\u00bb#506478&Prime; button_icon=\u00a0\u00bb%%36%%\u00a0\u00bb animation_style=\u00a0\u00bbfade\u00a0\u00bb button_text_color_hover=\u00a0\u00bb#747d88&Prime; button_letter_spacing_hover=\u00a0\u00bb2px\u00a0\u00bb button_bg_color_hover=\u00a0\u00bbrgba(0,0,0,0)\u00a0\u00bb button_text_size__hover_enabled=\u00a0\u00bboff\u00a0\u00bb button_one_text_size__hover_enabled=\u00a0\u00bboff\u00a0\u00bb button_two_text_size__hover_enabled=\u00a0\u00bboff\u00a0\u00bb button_text_color__hover_enabled=\u00a0\u00bbon\u00a0\u00bb button_text_color__hover=\u00a0\u00bb#747d88&Prime; button_one_text_color__hover_enabled=\u00a0\u00bboff\u00a0\u00bb button_two_text_color__hover_enabled=\u00a0\u00bboff\u00a0\u00bb button_border_width__hover_enabled=\u00a0\u00bboff\u00a0\u00bb button_one_border_width__hover_enabled=\u00a0\u00bboff\u00a0\u00bb button_two_border_width__hover_enabled=\u00a0\u00bboff\u00a0\u00bb button_border_color__hover_enabled=\u00a0\u00bboff\u00a0\u00bb button_one_border_color__hover_enabled=\u00a0\u00bboff\u00a0\u00bb button_two_border_color__hover_enabled=\u00a0\u00bboff\u00a0\u00bb button_border_radius__hover_enabled=\u00a0\u00bboff\u00a0\u00bb button_one_border_radius__hover_enabled=\u00a0\u00bboff\u00a0\u00bb button_two_border_radius__hover_enabled=\u00a0\u00bboff\u00a0\u00bb button_letter_spacing__hover_enabled=\u00a0\u00bbon\u00a0\u00bb button_letter_spacing__hover=\u00a0\u00bb2px\u00a0\u00bb button_one_letter_spacing__hover_enabled=\u00a0\u00bboff\u00a0\u00bb button_two_letter_spacing__hover_enabled=\u00a0\u00bboff\u00a0\u00bb button_bg_color__hover_enabled=\u00a0\u00bbon\u00a0\u00bb button_bg_color__hover=\u00a0\u00bbrgba(0,0,0,0)\u00a0\u00bb button_one_bg_color__hover_enabled=\u00a0\u00bboff\u00a0\u00bb button_two_bg_color__hover_enabled=\u00a0\u00bboff\u00a0\u00bb]<\/p>\n<p>Curabitur aliquam justo ex, ac varius sem facilisis a. In vel felis eros. Fusce ipsum enim, ultrices at ante sollicitudin, faucibus hendrerit nunc. Nullam tempor nulla eu imperdiet interdum. Mauris euismod mattis consectetur.\u00a0<\/p>\n<p>[\/et_pb_signup][\/et_pb_column][\/et_pb_row][\/et_pb_section]<\/p>\n","protected":false},"excerpt":{"rendered":"<p>404 Erreur La page que vous cherchez n\u2019existe pas. Le Coll\u00e8ge des m\u00e9decins de famille du Canada (CMFC) fournit la vision et le leadership pour la promotion du mod\u00e8le du CMF et son d\u00e9veloppement continu. Pour en apprendre davantage, veuillez consulter le www.cfpc.ca\/accueil ou communiquez avec nous \u00e0 healthpolicy@cfpc.ca. CONNECTER Curabitur aliquam justo ex, ac [&hellip;]<\/p>\n","protected":false},"author":3,"featured_media":0,"parent":0,"menu_order":0,"comment_status":"closed","ping_status":"closed","template":"","meta":{"_acf_changed":false,"_et_pb_use_builder":"on","_et_pb_old_content":"","_et_gb_content_width":"","footnotes":""},"class_list":["post-11507","page","type-page","status-publish","hentry"],"acf":[],"yoast_head":"<!-- This site is optimized with the Yoast SEO plugin v27.4 - https:\/\/yoast.com\/product\/yoast-seo-wordpress\/ -->\n<title>Erreur - Patient&#039;s Medical Home<\/title>\n<meta name=\"robots\" content=\"index, follow, max-snippet:-1, max-image-preview:large, max-video-preview:-1\" \/>\n<link rel=\"canonical\" href=\"https:\/\/patientsmedicalhome.ca\/fr\/erreur\/\" \/>\n<meta property=\"og:locale\" content=\"fr_FR\" \/>\n<meta property=\"og:type\" content=\"article\" \/>\n<meta property=\"og:title\" content=\"Erreur - Patient&#039;s Medical Home\" \/>\n<meta property=\"og:description\" content=\"404 Erreur La page que vous cherchez n\u2019existe pas. Le Coll\u00e8ge des m\u00e9decins de famille du Canada (CMFC) fournit la vision et le leadership pour la promotion du mod\u00e8le du CMF et son d\u00e9veloppement continu. Pour en apprendre davantage, veuillez consulter le www.cfpc.ca\/accueil ou communiquez avec nous \u00e0 healthpolicy@cfpc.ca. CONNECTER Curabitur aliquam justo ex, ac [&hellip;]\" \/>\n<meta property=\"og:url\" content=\"https:\/\/patientsmedicalhome.ca\/fr\/erreur\/\" \/>\n<meta property=\"og:site_name\" content=\"Patient&#039;s Medical Home\" \/>\n<meta property=\"article:publisher\" content=\"https:\/\/www.facebook.com\/CFPC.CMFC\/\" \/>\n<meta property=\"article:modified_time\" content=\"2019-03-14T15:31:13+00:00\" \/>\n<meta name=\"twitter:card\" content=\"summary_large_image\" \/>\n<meta name=\"twitter:site\" content=\"@FamPhysCan\" \/>\n<meta name=\"twitter:label1\" content=\"Est. reading time\" \/>\n\t<meta name=\"twitter:data1\" content=\"7 minutes\" \/>\n<script type=\"application\/ld+json\" class=\"yoast-schema-graph\">{\"@context\":\"https:\\\/\\\/schema.org\",\"@graph\":[{\"@type\":\"WebPage\",\"@id\":\"https:\\\/\\\/patientsmedicalhome.ca\\\/fr\\\/erreur\\\/\",\"url\":\"https:\\\/\\\/patientsmedicalhome.ca\\\/fr\\\/erreur\\\/\",\"name\":\"Erreur - Patient&#039;s Medical Home\",\"isPartOf\":{\"@id\":\"https:\\\/\\\/patientsmedicalhome.ca\\\/fr\\\/#website\"},\"datePublished\":\"2019-03-11T13:39:38+00:00\",\"dateModified\":\"2019-03-14T15:31:13+00:00\",\"breadcrumb\":{\"@id\":\"https:\\\/\\\/patientsmedicalhome.ca\\\/fr\\\/erreur\\\/#breadcrumb\"},\"inLanguage\":\"fr-FR\",\"potentialAction\":[{\"@type\":\"ReadAction\",\"target\":[\"https:\\\/\\\/patientsmedicalhome.ca\\\/fr\\\/erreur\\\/\"]}]},{\"@type\":\"BreadcrumbList\",\"@id\":\"https:\\\/\\\/patientsmedicalhome.ca\\\/fr\\\/erreur\\\/#breadcrumb\",\"itemListElement\":[{\"@type\":\"ListItem\",\"position\":1,\"name\":\"Home\",\"item\":\"https:\\\/\\\/patientsmedicalhome.ca\\\/fr\\\/\"},{\"@type\":\"ListItem\",\"position\":2,\"name\":\"Erreur\"}]},{\"@type\":\"WebSite\",\"@id\":\"https:\\\/\\\/patientsmedicalhome.ca\\\/fr\\\/#website\",\"url\":\"https:\\\/\\\/patientsmedicalhome.ca\\\/fr\\\/\",\"name\":\"Patient&#039;s Medical Home\",\"description\":\"The College of Family Physicians of Canada\",\"publisher\":{\"@id\":\"https:\\\/\\\/patientsmedicalhome.ca\\\/fr\\\/#organization\"},\"potentialAction\":[{\"@type\":\"SearchAction\",\"target\":{\"@type\":\"EntryPoint\",\"urlTemplate\":\"https:\\\/\\\/patientsmedicalhome.ca\\\/fr\\\/?s={search_term_string}\"},\"query-input\":{\"@type\":\"PropertyValueSpecification\",\"valueRequired\":true,\"valueName\":\"search_term_string\"}}],\"inLanguage\":\"fr-FR\"},{\"@type\":\"Organization\",\"@id\":\"https:\\\/\\\/patientsmedicalhome.ca\\\/fr\\\/#organization\",\"name\":\"Patient\u2019s Medical Home\",\"url\":\"https:\\\/\\\/patientsmedicalhome.ca\\\/fr\\\/\",\"logo\":{\"@type\":\"ImageObject\",\"inLanguage\":\"fr-FR\",\"@id\":\"https:\\\/\\\/patientsmedicalhome.ca\\\/fr\\\/#\\\/schema\\\/logo\\\/image\\\/\",\"url\":\"https:\\\/\\\/patientsmedica.wpengine.com\\\/files\\\/uploads\\\/2018\\\/11\\\/PMH-ENGLISH-COLOUR-RGB-72.jpg\",\"contentUrl\":\"https:\\\/\\\/patientsmedica.wpengine.com\\\/files\\\/uploads\\\/2018\\\/11\\\/PMH-ENGLISH-COLOUR-RGB-72.jpg\",\"width\":355,\"height\":124,\"caption\":\"Patient\u2019s Medical Home\"},\"image\":{\"@id\":\"https:\\\/\\\/patientsmedicalhome.ca\\\/fr\\\/#\\\/schema\\\/logo\\\/image\\\/\"},\"sameAs\":[\"https:\\\/\\\/www.facebook.com\\\/CFPC.CMFC\\\/\",\"https:\\\/\\\/x.com\\\/FamPhysCan\"]}]}<\/script>\n<!-- \/ Yoast SEO plugin. -->","yoast_head_json":{"title":"Erreur - Patient&#039;s Medical Home","robots":{"index":"index","follow":"follow","max-snippet":"max-snippet:-1","max-image-preview":"max-image-preview:large","max-video-preview":"max-video-preview:-1"},"canonical":"https:\/\/patientsmedicalhome.ca\/fr\/erreur\/","og_locale":"fr_FR","og_type":"article","og_title":"Erreur - Patient&#039;s Medical Home","og_description":"404 Erreur La page que vous cherchez n\u2019existe pas. Le Coll\u00e8ge des m\u00e9decins de famille du Canada (CMFC) fournit la vision et le leadership pour la promotion du mod\u00e8le du CMF et son d\u00e9veloppement continu. Pour en apprendre davantage, veuillez consulter le www.cfpc.ca\/accueil ou communiquez avec nous \u00e0 healthpolicy@cfpc.ca. CONNECTER Curabitur aliquam justo ex, ac [&hellip;]","og_url":"https:\/\/patientsmedicalhome.ca\/fr\/erreur\/","og_site_name":"Patient&#039;s Medical Home","article_publisher":"https:\/\/www.facebook.com\/CFPC.CMFC\/","article_modified_time":"2019-03-14T15:31:13+00:00","twitter_card":"summary_large_image","twitter_site":"@FamPhysCan","twitter_misc":{"Est. reading time":"7 minutes"},"schema":{"@context":"https:\/\/schema.org","@graph":[{"@type":"WebPage","@id":"https:\/\/patientsmedicalhome.ca\/fr\/erreur\/","url":"https:\/\/patientsmedicalhome.ca\/fr\/erreur\/","name":"Erreur - Patient&#039;s Medical Home","isPartOf":{"@id":"https:\/\/patientsmedicalhome.ca\/fr\/#website"},"datePublished":"2019-03-11T13:39:38+00:00","dateModified":"2019-03-14T15:31:13+00:00","breadcrumb":{"@id":"https:\/\/patientsmedicalhome.ca\/fr\/erreur\/#breadcrumb"},"inLanguage":"fr-FR","potentialAction":[{"@type":"ReadAction","target":["https:\/\/patientsmedicalhome.ca\/fr\/erreur\/"]}]},{"@type":"BreadcrumbList","@id":"https:\/\/patientsmedicalhome.ca\/fr\/erreur\/#breadcrumb","itemListElement":[{"@type":"ListItem","position":1,"name":"Home","item":"https:\/\/patientsmedicalhome.ca\/fr\/"},{"@type":"ListItem","position":2,"name":"Erreur"}]},{"@type":"WebSite","@id":"https:\/\/patientsmedicalhome.ca\/fr\/#website","url":"https:\/\/patientsmedicalhome.ca\/fr\/","name":"Patient&#039;s Medical Home","description":"The College of Family Physicians of Canada","publisher":{"@id":"https:\/\/patientsmedicalhome.ca\/fr\/#organization"},"potentialAction":[{"@type":"SearchAction","target":{"@type":"EntryPoint","urlTemplate":"https:\/\/patientsmedicalhome.ca\/fr\/?s={search_term_string}"},"query-input":{"@type":"PropertyValueSpecification","valueRequired":true,"valueName":"search_term_string"}}],"inLanguage":"fr-FR"},{"@type":"Organization","@id":"https:\/\/patientsmedicalhome.ca\/fr\/#organization","name":"Patient\u2019s Medical Home","url":"https:\/\/patientsmedicalhome.ca\/fr\/","logo":{"@type":"ImageObject","inLanguage":"fr-FR","@id":"https:\/\/patientsmedicalhome.ca\/fr\/#\/schema\/logo\/image\/","url":"https:\/\/patientsmedica.wpengine.com\/files\/uploads\/2018\/11\/PMH-ENGLISH-COLOUR-RGB-72.jpg","contentUrl":"https:\/\/patientsmedica.wpengine.com\/files\/uploads\/2018\/11\/PMH-ENGLISH-COLOUR-RGB-72.jpg","width":355,"height":124,"caption":"Patient\u2019s Medical Home"},"image":{"@id":"https:\/\/patientsmedicalhome.ca\/fr\/#\/schema\/logo\/image\/"},"sameAs":["https:\/\/www.facebook.com\/CFPC.CMFC\/","https:\/\/x.com\/FamPhysCan"]}]}},"_links":{"self":[{"href":"https:\/\/patientsmedicalhome.ca\/fr\/wp-json\/wp\/v2\/pages\/11507","targetHints":{"allow":["GET"]}}],"collection":[{"href":"https:\/\/patientsmedicalhome.ca\/fr\/wp-json\/wp\/v2\/pages"}],"about":[{"href":"https:\/\/patientsmedicalhome.ca\/fr\/wp-json\/wp\/v2\/types\/page"}],"author":[{"embeddable":true,"href":"https:\/\/patientsmedicalhome.ca\/fr\/wp-json\/wp\/v2\/users\/3"}],"replies":[{"embeddable":true,"href":"https:\/\/patientsmedicalhome.ca\/fr\/wp-json\/wp\/v2\/comments?post=11507"}],"version-history":[{"count":0,"href":"https:\/\/patientsmedicalhome.ca\/fr\/wp-json\/wp\/v2\/pages\/11507\/revisions"}],"wp:attachment":[{"href":"https:\/\/patientsmedicalhome.ca\/fr\/wp-json\/wp\/v2\/media?parent=11507"}],"curies":[{"name":"wp","href":"https:\/\/api.w.org\/{rel}","templated":true}]}}